{"id":616,"date":"2025-02-03T16:26:41","date_gmt":"2025-02-03T13:26:41","guid":{"rendered":"https:\/\/www.mindgps.de\/?page_id=616"},"modified":"2025-02-03T16:58:05","modified_gmt":"2025-02-03T13:58:05","slug":"support-antworten","status":"publish","type":"page","link":"https:\/\/www.mindgps.de\/de\/support-antworten\/","title":{"rendered":"Support-Antworten"},"content":{"rendered":"<div data-elementor-type=\"wp-page\" data-elementor-id=\"616\" class=\"elementor elementor-616\" data-elementor-post-type=\"page\">\n\t\t\t\t\t\t<section class=\"elementor-section elementor-top-section elementor-element elementor-element-a21131d elementor-section-full_width elementor-section-height-default elementor-section-height-default\" data-id=\"a21131d\" data-element_type=\"section\" data-settings=\"{&quot;background_background&quot;:&quot;classic&quot;}\">\n\t\t\t\t\t\t\t<div class=\"elementor-background-overlay\"><\/div>\n\t\t\t\t\t\t\t<div class=\"elementor-container elementor-column-gap-no\">\n\t\t\t\t\t<div class=\"elementor-column elementor-col-100 elementor-top-column elementor-element elementor-element-3a5d4ff\" data-id=\"3a5d4ff\" data-element_type=\"column\">\n\t\t\t<div class=\"elementor-widget-wrap elementor-element-populated\">\n\t\t\t\t\t\t<section class=\"elementor-section elementor-inner-section elementor-element elementor-element-20d62b7 elementor-section-boxed elementor-section-height-default elementor-section-height-default\" data-id=\"20d62b7\" data-element_type=\"section\">\n\t\t\t\t\t\t<div class=\"elementor-container elementor-column-gap-no\">\n\t\t\t\t\t<div class=\"elementor-column elementor-col-100 elementor-inner-column elementor-element elementor-element-53d2769\" data-id=\"53d2769\" data-element_type=\"column\">\n\t\t\t<div class=\"elementor-widget-wrap elementor-element-populated\">\n\t\t\t\t\t\t<div class=\"elementor-element elementor-element-9c8f71d elementor-widget elementor-widget-heading\" data-id=\"9c8f71d\" data-element_type=\"widget\" data-widget_type=\"heading.default\">\n\t\t\t\t<div class=\"elementor-widget-container\">\n\t\t\t\t\t<h2 class=\"elementor-heading-title elementor-size-default\">Support-Antworten<\/h2>\t\t\t\t<\/div>\n\t\t\t\t<\/div>\n\t\t\t\t\t<\/div>\n\t\t<\/div>\n\t\t\t\t\t<\/div>\n\t\t<\/section>\n\t\t\t\t\t<\/div>\n\t\t<\/div>\n\t\t\t\t\t<\/div>\n\t\t<\/section>\n\t\t<div class=\"elementor-element elementor-element-f4c6566 e-flex e-con-boxed e-con e-parent\" data-id=\"f4c6566\" data-element_type=\"container\">\n\t\t\t\t\t<div class=\"e-con-inner\">\n\t\t\t\t<div class=\"elementor-element elementor-element-21ba441 elementor-widget elementor-widget-heading\" data-id=\"21ba441\" data-element_type=\"widget\" data-widget_type=\"heading.default\">\n\t\t\t\t<div class=\"elementor-widget-container\">\n\t\t\t\t\t<h2 class=\"elementor-heading-title elementor-size-default\">Antworten anfordern<\/h2>\t\t\t\t<\/div>\n\t\t\t\t<\/div>\n\t\t\t\t<div class=\"elementor-element elementor-element-90f313c elementor-widget elementor-widget-shortcode\" data-id=\"90f313c\" data-element_type=\"widget\" data-widget_type=\"shortcode.default\">\n\t\t\t\t<div class=\"elementor-widget-container\">\n\t\t\t\t\t\t\t<div class=\"elementor-shortcode\"><div class=\"flex max-w-full flex-col flex-grow\">\n<div class=\"min-h-8 text-message flex w-full flex-col items-end gap-2 whitespace-normal break-words text-start [.text-message+&amp;]:mt-5\" dir=\"auto\" data-message-author-role=\"assistant\" data-message-id=\"e532de9f-2830-412a-aafe-68e4950d70e3\" data-message-model-slug=\"gpt-4o\">\n<div class=\"flex w-full flex-col gap-1 empty:hidden first:pt-[3px]\">\n<div class=\"markdown prose w-full break-words dark:prose-invert dark\">\n<p>Bitte melden Sie sich an oder erstellen Sie ein Konto, um auf das Kundensupport-Portal zuzugreifen.<\/p>\n<\/div>\n<\/div>\n<\/div>\n<\/div>\n<p><div class=\"fst_login_form_auth_wrapper\"><div id=\"fst_login_form\" class=\"fst_login_wrapper\"><form name=\"loginform\" id=\"loginform\" action=\"https:\/\/www.mindgps.de\/wp-login.php\" method=\"post\"><p class=\"login-username\">\n\t\t\t\t<label for=\"user_login\">Benutzername oder E-Mail-Adresse<\/label>\n\t\t\t\t<input type=\"text\" name=\"log\" id=\"user_login\" autocomplete=\"username\" class=\"input\" value=\"\" size=\"20\" \/>\n\t\t\t<\/p><p class=\"login-password\">\n\t\t\t\t<label for=\"user_pass\">Passwort<\/label>\n\t\t\t\t<input type=\"password\" name=\"pwd\" id=\"user_pass\" autocomplete=\"current-password\" spellcheck=\"false\" class=\"input\" value=\"\" size=\"20\" \/>\n\t\t\t<\/p><p class=\"login-remember\"><label><input name=\"rememberme\" type=\"checkbox\" id=\"rememberme\" value=\"forever\" checked=\"checked\" \/> Angemeldet bleiben<\/label><\/p><p class=\"login-submit\">\n\t\t\t\t<input type=\"submit\" name=\"wp-submit\" id=\"wp-submit\" class=\"button button-primary\" value=\"Anmelden\" \/>\n\t\t\t\t<input type=\"hidden\" name=\"redirect_to\" value=\"https:\/\/www.mindgps.de\/de\/unterstutzung\" \/>\n\t\t\t<\/p><\/form><p style=\"text-align: center\">Not registered? <a href=\"#\" id=\"fs_show_signup\">Create an account<\/a><\/p><p style=\"text-align: center\">Forgot your password? <a href=\"#\" id=\"fs_show_reset_password\">Reset password<\/a><\/p><\/div><div class=\"fst_registration_wrapper hide\"><form id=\"fstRegistrationForm\" class=\"fs_registration_form\" method=\"post\" name=\"fs_registration_form\" action=\"\"><div class=\"fst_registration_fields\"><div class=\"fst_field_group fst_field_first_name\"><div class=\"fst_field_label is-required\"><label for=\"fst_first_name\">First name<\/label><\/div><div class=\"fs_input_wrap\"><input type=\"text\" id=\"fst_first_name\" placeholder=\"First name\" name=\"first_name\" required=\"required\"  \/><\/div><\/div><\/div><div class=\"fst_registration_fields\"><div class=\"fst_field_group fst_field_last_name\"><div class=\"fst_field_label\"><label for=\"fst_last_name\">Last Name<\/label><\/div><div class=\"fs_input_wrap\"><input type=\"text\" id=\"fst_last_name\" placeholder=\"Last name\" name=\"last_name\"  \/><\/div><\/div><\/div><div class=\"fst_registration_fields\"><div class=\"fst_field_group fst_field_username\"><div class=\"fst_field_label is-required\"><label for=\"fst_username\">Username<\/label><\/div><div class=\"fs_input_wrap\"><input type=\"text\" id=\"fst_username\" placeholder=\"Username\" name=\"username\" required=\"required\"  \/><\/div><\/div><\/div><div class=\"fst_registration_fields\"><div class=\"fst_field_group fst_field_email\"><div class=\"fst_field_label is-required\"><label for=\"fst_email\">Email Address<\/label><\/div><div class=\"fs_input_wrap\"><input type=\"email\" id=\"fst_email\" placeholder=\"Your Email Address\" name=\"email\" required=\"required\"  \/><\/div><\/div><\/div><div class=\"fst_registration_fields\"><div class=\"fst_field_group fst_field_password\"><div class=\"fst_field_label is-required\"><label for=\"fst_password\">Password<\/label><\/div><div class=\"fs_input_wrap\"><input type=\"password\" id=\"fst_password\" placeholder=\"Password\" name=\"password\" required=\"required\"  \/><\/div><\/div><\/div><input type=\"hidden\" name=\"__redirect_to\" value=\"https:\/\/www.mindgps.de\/de\/unterstutzung\"><input type=\"hidden\" name=\"_fsupport_signup_nonce\" value=\"493e3f50c7\"><button type=\"submit\" id=\"fst_submit\"><svg version=\"1.1\" id=\"loader-1\" xmlns=\"http:\/\/www.w3.org\/2000\/svg\" xmlns:xlink=\"http:\/\/www.w3.org\/1999\/xlink\" x=\"0px\" y=\"0px\"\n           width=\"40px\" height=\"20px\" viewbox=\"0 0 50 50\" style=\"enable-background:new 0 0 50 50;\" xml:space=\"preserve\">\n        <path fill=\"#000\" d=\"M43.935,25.145c0-10.318-8.364-18.683-18.683-18.683c-10.318,0-18.683,8.365-18.683,18.683h4.068c0-8.071,6.543-14.615,14.615-14.615c8.072,0,14.615,6.543,14.615,14.615H43.935z\">\n          <animatetransform attributetype=\"xml\"\n            attributename=\"transform\"\n            type=\"rotate\"\n            from=\"0 25 25\"\n            to=\"360 25 25\"\n            dur=\"0.6s\"\n            repeatcount=\"indefinite\"\/>\n          <\/path>\n        <\/svg><span>Signup<\/span><\/button><input type=\"hidden\" name=\"trp-form-language\" value=\"de\"\/><\/form><p style=\"text-align: center\">Already have an account? <a href=\"#\" id=\"fs_show_login\">Login<\/a><\/p><\/div><div class=\"fst_reset_pass_wrapper hide\"><form id=\"fstResetPasswordForm\" class=\"fs_reset_pass_form\" method=\"post\" name=\"fs_reset_pass_form\" action=\"\"><div class=\"fst_registration_fields\"><div class=\"fst_field_group fst_field_user_login\"><div class=\"fst_field_label is-required\"><label for=\"fst_reset_email\">Email Address<\/label><\/div><div class=\"fs_input_wrap\"><input type=\"text\" id=\"fst_reset_email\" placeholder=\"Your Email Address\" name=\"user_login\" required=\"required\"  \/><\/div><\/div><\/div><input type=\"hidden\" name=\"__redirect_to\" value=\"https:\/\/www.mindgps.de\/de\/unterstutzung\"><input type=\"hidden\" name=\"_fsupport_reset_pass_nonce\" value=\"9e4c50315f\"><button type=\"submit\" id=\"fst_reset_pass\"><svg version=\"1.1\" id=\"loader-1\" xmlns=\"http:\/\/www.w3.org\/2000\/svg\" xmlns:xlink=\"http:\/\/www.w3.org\/1999\/xlink\" x=\"0px\" y=\"0px\"\n           width=\"40px\" height=\"20px\" viewbox=\"0 0 50 50\" style=\"enable-background:new 0 0 50 50;\" xml:space=\"preserve\">\n        <path fill=\"#000\" d=\"M43.935,25.145c0-10.318-8.364-18.683-18.683-18.683c-10.318,0-18.683,8.365-18.683,18.683h4.068c0-8.071,6.543-14.615,14.615-14.615c8.072,0,14.615,6.543,14.615,14.615H43.935z\">\n          <animatetransform attributetype=\"xml\"\n            attributename=\"transform\"\n            type=\"rotate\"\n            from=\"0 25 25\"\n            to=\"360 25 25\"\n            dur=\"0.6s\"\n            repeatcount=\"indefinite\"\/>\n          <\/path>\n        <\/svg><span>Reset Password<\/span><\/button><input type=\"hidden\" name=\"trp-form-language\" value=\"de\"\/><\/form><\/div><\/div><\/p><\/div>\n\t\t\t\t\t\t<\/div>\n\t\t\t\t<\/div>\n\t\t\t\t\t<\/div>\n\t\t\t\t<\/div>\n\t\t\t\t<\/div>","protected":false},"excerpt":{"rendered":"<p>Destek Yan\u0131tlar\u0131 Talep Yan\u0131tlar\u0131<\/p>","protected":false},"author":1,"featured_media":0,"parent":0,"menu_order":0,"comment_status":"closed","ping_status":"closed","template":"","meta":{"footnotes":""},"class_list":["post-616","page","type-page","status-publish","hentry"],"_links":{"self":[{"href":"https:\/\/www.mindgps.de\/de\/wp-json\/wp\/v2\/pages\/616","targetHints":{"allow":["GET"]}}],"collection":[{"href":"https:\/\/www.mindgps.de\/de\/wp-json\/wp\/v2\/pages"}],"about":[{"href":"https:\/\/www.mindgps.de\/de\/wp-json\/wp\/v2\/types\/page"}],"author":[{"embeddable":true,"href":"https:\/\/www.mindgps.de\/de\/wp-json\/wp\/v2\/users\/1"}],"replies":[{"embeddable":true,"href":"https:\/\/www.mindgps.de\/de\/wp-json\/wp\/v2\/comments?post=616"}],"version-history":[{"count":6,"href":"https:\/\/www.mindgps.de\/de\/wp-json\/wp\/v2\/pages\/616\/revisions"}],"predecessor-version":[{"id":623,"href":"https:\/\/www.mindgps.de\/de\/wp-json\/wp\/v2\/pages\/616\/revisions\/623"}],"wp:attachment":[{"href":"https:\/\/www.mindgps.de\/de\/wp-json\/wp\/v2\/media?parent=616"}],"curies":[{"name":"wp","href":"https:\/\/api.w.org\/{rel}","templated":true}]}}